{"id":9651,"date":"2025-05-05T12:04:19","date_gmt":"2025-05-05T11:04:19","guid":{"rendered":"https:\/\/yourforeverstories.com\/?post_type=product&#038;p=9651"},"modified":"2025-05-15T11:42:12","modified_gmt":"2025-05-15T10:42:12","slug":"the-life-saver-workflow","status":"publish","type":"product","link":"https:\/\/yourforeverstories.com\/en\/product\/the-life-saver-workflow\/","title":{"rendered":"The Life Saver Workflow"},"content":{"rendered":"<p class=\"\" data-start=\"201\" data-end=\"416\">Niet zomaar een systeem, maar een complete klantreis op auto-pilot \u2013 gebouwd voor bruidsfotografen die m\u00e9\u00e9r willen: meer rust, meer professionaliteit, meer omzet.<\/p>\n<p class=\"\" data-start=\"418\" data-end=\"665\">Deze kant-en-klare, strategisch opgebouwde workflow in Studio Ninja begeleidt jouw klanten vanaf de eerste aanvraag tot ver na de galerij. Inclusief slimme automatiseringen, doordachte communicatie en een premium ervaring op elk contactmoment.<\/p>\n<p class=\"\" data-start=\"667\" data-end=\"733\">Zonder gedoe. Zonder overuren. Zonder het zelf te hoeven opzetten.<\/p>\n<p class=\"\" data-start=\"735\" data-end=\"974\"><strong data-start=\"153\" data-end=\"183\">Wat levert het je op?<\/strong><\/p>\n<p data-start=\"735\" data-end=\"974\">\u2714 Een volledig geautomatiseerde workflow\u00a0 volledig uitgedacht\u00a0 en uitgevoerd\u2013 van aanvraag tot jouw bruidspaar hun eerste jubileum \u2013 die je klant het gevoel geeft dat alles perfect geregeld is<\/p>\n<p data-start=\"735\" data-end=\"974\">\u2714 Nooit meer losse mailtjes met vragen van klanten: alles is helder, op het juiste moment gecommuniceerd<\/p>\n<p data-start=\"735\" data-end=\"974\">\u2714 Een professioneel systeem dat v\u00f3\u00f3r jou werkt, zodat jij meer ruimte voelt om creatief en aanwezig te zijn<\/p>\n<p data-start=\"735\" data-end=\"974\">\u2714 Rust, overzicht\u00a0 \u00e9n strategie in je bedrijf, met \u00e9\u00e9n centrale plek voor alles<\/p>\n<p class=\"\" data-start=\"976\" data-end=\"1079\"><strong data-start=\"976\" data-end=\"1079\">Ideaal voor fotografen die klaar zijn om hun klantbeleving te upgraden \u00e9n een systeem te vinden die werk voor hun, in plaats van andersom.\u00a0<\/strong><\/p>\n<p data-start=\"976\" data-end=\"1079\">Let op! Wij stellen v\u00f3\u00f3r jou heel de workflow in in Studio Ninja, hiervoor dien je dus wel een account te hebben of aan te maken binnen Studio Ninja. Wij hebben een kortingscode van 50% op het eerste jaar.<\/p>\n<p data-start=\"976\" data-end=\"1079\">Binnen uiterlijk drie weken is de workflow klaar en kun je hem direct gebruiken.<\/p>","protected":false},"excerpt":{"rendered":"<p class=\"\" data-start=\"201\" data-end=\"416\">Een complete klantreis en workflow op auto-pilot \u2013 gebouwd voor bruidsfotografen die m\u00e9\u00e9r willen: meer rust, meer professionaliteit, meer omzet. Deze kant-en-klare, strategisch opgebouwde workflow in Studio Ninja begeleidt jouw klanten vanaf de eerste aanvraag tot ver na de oplevering van de galerij. Inclusief slimme automatiseringen, doordachte communicatie en een premium ervaring op elk contactmoment.<\/p>\n<p class=\"\" data-start=\"667\" data-end=\"733\">Zonder gedoe. Zonder overuren. Zonder het zelf te hoeven opzetten. Met een uitgebreide video waar we je helemaal door de workflow heen lopen met tips &amp; tricks.<\/p>\n<p data-start=\"976\" data-end=\"1079\"><em><strong>Let op!<\/strong><\/em> Wij stellen v\u00f3\u00f3r jou heel de workflow in in Studio Ninja, hiervoor dien je dus wel een account te hebben of aan te maken binnen Studio Ninja. Wij hebben een kortingscode van 50% op het eerste jaar.<\/p>","protected":false},"featured_media":9660,"template":"","meta":[],"product_brand":[],"product_cat":[36],"product_tag":[],"class_list":{"0":"post-9651","1":"product","2":"type-product","3":"status-publish","4":"has-post-thumbnail","6":"product_cat-uncategorized","8":"first","9":"instock","10":"downloadable","11":"virtual","12":"taxable","13":"purchasable","14":"product-type-simple"},"yoast_head":"<!-- This site is optimized with the Yoast SEO plugin v27.4 - https:\/\/yoast.com\/product\/yoast-seo-wordpress\/ -->\n<title>The Life Saver Workflow - Your Forever Stories<\/title>\n<meta name=\"description\" content=\"Til je klantbeleving als fotograaf naar een hoger niveau met deze volledig geautomatiseerde workflow. Meer rust, overzicht \u00e9n tevreden klanten \u2013 zonder extra werk\" \/>\n<meta name=\"robots\" content=\"index, follow, max-snippet:-1, max-image-preview:large, max-video-preview:-1\" \/>\n<link rel=\"canonical\" href=\"https:\/\/yourforeverstories.com\/en\/product\/the-life-saver-workflow\/\" \/>\n<meta property=\"og:locale\" content=\"en_GB\" \/>\n<meta property=\"og:type\" content=\"article\" \/>\n<meta property=\"og:title\" content=\"The Life Saver Workflow - Your Forever Stories\" \/>\n<meta property=\"og:description\" content=\"Til je klantbeleving als fotograaf naar een hoger niveau met deze volledig geautomatiseerde workflow. Meer rust, overzicht \u00e9n tevreden klanten \u2013 zonder extra werk\" \/>\n<meta property=\"og:url\" content=\"https:\/\/yourforeverstories.com\/en\/product\/the-life-saver-workflow\/\" \/>\n<meta property=\"og:site_name\" content=\"Your Forever Stories\" \/>\n<meta property=\"article:publisher\" content=\"https:\/\/www.facebook.com\/yourforeverstories\" \/>\n<meta property=\"article:modified_time\" content=\"2025-05-15T10:42:12+00:00\" \/>\n<meta property=\"og:image\" content=\"https:\/\/yourforeverstories.com\/wp-content\/uploads\/2025\/05\/2.png\" \/>\n\t<meta property=\"og:image:width\" content=\"1080\" \/>\n\t<meta property=\"og:image:height\" content=\"1350\" \/>\n\t<meta property=\"og:image:type\" content=\"image\/png\" \/>\n<meta name=\"twitter:card\" content=\"summary_large_image\" \/>\n<meta name=\"twitter:label1\" content=\"Estimated reading time\" \/>\n\t<meta name=\"twitter:data1\" content=\"2 minutes\" \/>\n<script type=\"application\/ld+json\" class=\"yoast-schema-graph\">{\"@context\":\"https:\\\/\\\/schema.org\",\"@graph\":[{\"@type\":\"WebPage\",\"@id\":\"https:\\\/\\\/yourforeverstories.com\\\/product\\\/the-life-saver-workflow\\\/\",\"url\":\"https:\\\/\\\/yourforeverstories.com\\\/product\\\/the-life-saver-workflow\\\/\",\"name\":\"The Life Saver Workflow - Your Forever Stories\",\"isPartOf\":{\"@id\":\"https:\\\/\\\/yourforeverstories.com\\\/#website\"},\"primaryImageOfPage\":{\"@id\":\"https:\\\/\\\/yourforeverstories.com\\\/product\\\/the-life-saver-workflow\\\/#primaryimage\"},\"image\":{\"@id\":\"https:\\\/\\\/yourforeverstories.com\\\/product\\\/the-life-saver-workflow\\\/#primaryimage\"},\"thumbnailUrl\":\"https:\\\/\\\/yourforeverstories.com\\\/wp-content\\\/uploads\\\/2025\\\/05\\\/2.png\",\"datePublished\":\"2025-05-05T11:04:19+00:00\",\"dateModified\":\"2025-05-15T10:42:12+00:00\",\"description\":\"Til je klantbeleving als fotograaf naar een hoger niveau met deze volledig geautomatiseerde workflow. Meer rust, overzicht \u00e9n tevreden klanten \u2013 zonder extra werk\",\"breadcrumb\":{\"@id\":\"https:\\\/\\\/yourforeverstories.com\\\/product\\\/the-life-saver-workflow\\\/#breadcrumb\"},\"inLanguage\":\"en-GB\",\"potentialAction\":[{\"@type\":\"ReadAction\",\"target\":[\"https:\\\/\\\/yourforeverstories.com\\\/product\\\/the-life-saver-workflow\\\/\"]}]},{\"@type\":\"ImageObject\",\"inLanguage\":\"en-GB\",\"@id\":\"https:\\\/\\\/yourforeverstories.com\\\/product\\\/the-life-saver-workflow\\\/#primaryimage\",\"url\":\"https:\\\/\\\/yourforeverstories.com\\\/wp-content\\\/uploads\\\/2025\\\/05\\\/2.png\",\"contentUrl\":\"https:\\\/\\\/yourforeverstories.com\\\/wp-content\\\/uploads\\\/2025\\\/05\\\/2.png\",\"width\":1080,\"height\":1350},{\"@type\":\"BreadcrumbList\",\"@id\":\"https:\\\/\\\/yourforeverstories.com\\\/product\\\/the-life-saver-workflow\\\/#breadcrumb\",\"itemListElement\":[{\"@type\":\"ListItem\",\"position\":1,\"name\":\"Home\",\"item\":\"https:\\\/\\\/yourforeverstories.com\\\/\"},{\"@type\":\"ListItem\",\"position\":2,\"name\":\"Shop\",\"item\":\"https:\\\/\\\/yourforeverstories.com\\\/shop\\\/\"},{\"@type\":\"ListItem\",\"position\":3,\"name\":\"The Life Saver Workflow\"}]},{\"@type\":\"WebSite\",\"@id\":\"https:\\\/\\\/yourforeverstories.com\\\/#website\",\"url\":\"https:\\\/\\\/yourforeverstories.com\\\/\",\"name\":\"Your Forever Stories\",\"description\":\"Styled shoots &amp; workshops\",\"publisher\":{\"@id\":\"https:\\\/\\\/yourforeverstories.com\\\/#organization\"},\"potentialAction\":[{\"@type\":\"SearchAction\",\"target\":{\"@type\":\"EntryPoint\",\"urlTemplate\":\"https:\\\/\\\/yourforeverstories.com\\\/?s={search_term_string}\"},\"query-input\":{\"@type\":\"PropertyValueSpecification\",\"valueRequired\":true,\"valueName\":\"search_term_string\"}}],\"inLanguage\":\"en-GB\"},{\"@type\":\"Organization\",\"@id\":\"https:\\\/\\\/yourforeverstories.com\\\/#organization\",\"name\":\"Your Forever Stories\",\"url\":\"https:\\\/\\\/yourforeverstories.com\\\/\",\"logo\":{\"@type\":\"ImageObject\",\"inLanguage\":\"en-GB\",\"@id\":\"https:\\\/\\\/yourforeverstories.com\\\/#\\\/schema\\\/logo\\\/image\\\/\",\"url\":\"https:\\\/\\\/yourforeverstories.com\\\/wp-content\\\/uploads\\\/2021\\\/03\\\/Your-Forever-Stories.1-e1668680065371.png\",\"contentUrl\":\"https:\\\/\\\/yourforeverstories.com\\\/wp-content\\\/uploads\\\/2021\\\/03\\\/Your-Forever-Stories.1-e1668680065371.png\",\"width\":1920,\"height\":321,\"caption\":\"Your Forever Stories\"},\"image\":{\"@id\":\"https:\\\/\\\/yourforeverstories.com\\\/#\\\/schema\\\/logo\\\/image\\\/\"},\"sameAs\":[\"https:\\\/\\\/www.facebook.com\\\/yourforeverstories\",\"https:\\\/\\\/www.instagram.com\\\/yourforeverstories\",\"https:\\\/\\\/www.linkedin.com\\\/company\\\/yourforeverstories\",\"https:\\\/\\\/pinterest.com\\\/yourforeverstories\"]}]}<\/script>\n<!-- \/ Yoast SEO plugin. -->","yoast_head_json":{"title":"The Life Saver Workflow - Your Forever Stories","description":"Til je klantbeleving als fotograaf naar een hoger niveau met deze volledig geautomatiseerde workflow. Meer rust, overzicht \u00e9n tevreden klanten \u2013 zonder extra werk","robots":{"index":"index","follow":"follow","max-snippet":"max-snippet:-1","max-image-preview":"max-image-preview:large","max-video-preview":"max-video-preview:-1"},"canonical":"https:\/\/yourforeverstories.com\/en\/product\/the-life-saver-workflow\/","og_locale":"en_GB","og_type":"article","og_title":"The Life Saver Workflow - Your Forever Stories","og_description":"Til je klantbeleving als fotograaf naar een hoger niveau met deze volledig geautomatiseerde workflow. Meer rust, overzicht \u00e9n tevreden klanten \u2013 zonder extra werk","og_url":"https:\/\/yourforeverstories.com\/en\/product\/the-life-saver-workflow\/","og_site_name":"Your Forever Stories","article_publisher":"https:\/\/www.facebook.com\/yourforeverstories","article_modified_time":"2025-05-15T10:42:12+00:00","og_image":[{"width":1080,"height":1350,"url":"https:\/\/yourforeverstories.com\/wp-content\/uploads\/2025\/05\/2.png","type":"image\/png"}],"twitter_card":"summary_large_image","twitter_misc":{"Estimated reading time":"2 minutes"},"schema":{"@context":"https:\/\/schema.org","@graph":[{"@type":"WebPage","@id":"https:\/\/yourforeverstories.com\/product\/the-life-saver-workflow\/","url":"https:\/\/yourforeverstories.com\/product\/the-life-saver-workflow\/","name":"The Life Saver Workflow - Your Forever Stories","isPartOf":{"@id":"https:\/\/yourforeverstories.com\/#website"},"primaryImageOfPage":{"@id":"https:\/\/yourforeverstories.com\/product\/the-life-saver-workflow\/#primaryimage"},"image":{"@id":"https:\/\/yourforeverstories.com\/product\/the-life-saver-workflow\/#primaryimage"},"thumbnailUrl":"https:\/\/yourforeverstories.com\/wp-content\/uploads\/2025\/05\/2.png","datePublished":"2025-05-05T11:04:19+00:00","dateModified":"2025-05-15T10:42:12+00:00","description":"Til je klantbeleving als fotograaf naar een hoger niveau met deze volledig geautomatiseerde workflow. Meer rust, overzicht \u00e9n tevreden klanten \u2013 zonder extra werk","breadcrumb":{"@id":"https:\/\/yourforeverstories.com\/product\/the-life-saver-workflow\/#breadcrumb"},"inLanguage":"en-GB","potentialAction":[{"@type":"ReadAction","target":["https:\/\/yourforeverstories.com\/product\/the-life-saver-workflow\/"]}]},{"@type":"ImageObject","inLanguage":"en-GB","@id":"https:\/\/yourforeverstories.com\/product\/the-life-saver-workflow\/#primaryimage","url":"https:\/\/yourforeverstories.com\/wp-content\/uploads\/2025\/05\/2.png","contentUrl":"https:\/\/yourforeverstories.com\/wp-content\/uploads\/2025\/05\/2.png","width":1080,"height":1350},{"@type":"BreadcrumbList","@id":"https:\/\/yourforeverstories.com\/product\/the-life-saver-workflow\/#breadcrumb","itemListElement":[{"@type":"ListItem","position":1,"name":"Home","item":"https:\/\/yourforeverstories.com\/"},{"@type":"ListItem","position":2,"name":"Shop","item":"https:\/\/yourforeverstories.com\/shop\/"},{"@type":"ListItem","position":3,"name":"The Life Saver Workflow"}]},{"@type":"WebSite","@id":"https:\/\/yourforeverstories.com\/#website","url":"https:\/\/yourforeverstories.com\/","name":"Your Forever Stories","description":"Styled shoots &amp; workshops","publisher":{"@id":"https:\/\/yourforeverstories.com\/#organization"},"potentialAction":[{"@type":"SearchAction","target":{"@type":"EntryPoint","urlTemplate":"https:\/\/yourforeverstories.com\/?s={search_term_string}"},"query-input":{"@type":"PropertyValueSpecification","valueRequired":true,"valueName":"search_term_string"}}],"inLanguage":"en-GB"},{"@type":"Organization","@id":"https:\/\/yourforeverstories.com\/#organization","name":"Your Forever Stories","url":"https:\/\/yourforeverstories.com\/","logo":{"@type":"ImageObject","inLanguage":"en-GB","@id":"https:\/\/yourforeverstories.com\/#\/schema\/logo\/image\/","url":"https:\/\/yourforeverstories.com\/wp-content\/uploads\/2021\/03\/Your-Forever-Stories.1-e1668680065371.png","contentUrl":"https:\/\/yourforeverstories.com\/wp-content\/uploads\/2021\/03\/Your-Forever-Stories.1-e1668680065371.png","width":1920,"height":321,"caption":"Your Forever Stories"},"image":{"@id":"https:\/\/yourforeverstories.com\/#\/schema\/logo\/image\/"},"sameAs":["https:\/\/www.facebook.com\/yourforeverstories","https:\/\/www.instagram.com\/yourforeverstories","https:\/\/www.linkedin.com\/company\/yourforeverstories","https:\/\/pinterest.com\/yourforeverstories"]}]}},"_links":{"self":[{"href":"https:\/\/yourforeverstories.com\/en\/wp-json\/wp\/v2\/product\/9651","targetHints":{"allow":["GET"]}}],"collection":[{"href":"https:\/\/yourforeverstories.com\/en\/wp-json\/wp\/v2\/product"}],"about":[{"href":"https:\/\/yourforeverstories.com\/en\/wp-json\/wp\/v2\/types\/product"}],"wp:featuredmedia":[{"embeddable":true,"href":"https:\/\/yourforeverstories.com\/en\/wp-json\/wp\/v2\/media\/9660"}],"wp:attachment":[{"href":"https:\/\/yourforeverstories.com\/en\/wp-json\/wp\/v2\/media?parent=9651"}],"wp:term":[{"taxonomy":"product_brand","embeddable":true,"href":"https:\/\/yourforeverstories.com\/en\/wp-json\/wp\/v2\/product_brand?post=9651"},{"taxonomy":"product_cat","embeddable":true,"href":"https:\/\/yourforeverstories.com\/en\/wp-json\/wp\/v2\/product_cat?post=9651"},{"taxonomy":"product_tag","embeddable":true,"href":"https:\/\/yourforeverstories.com\/en\/wp-json\/wp\/v2\/product_tag?post=9651"}],"curies":[{"name":"wp","href":"https:\/\/api.w.org\/{rel}","templated":true}]}}